{"id":2763,"date":"2025-09-11T09:10:32","date_gmt":"2025-09-11T07:10:32","guid":{"rendered":"https:\/\/postcity.ffzg.unizg.hr\/?page_id=2763"},"modified":"2025-12-13T00:19:56","modified_gmt":"2025-12-12T23:19:56","slug":"martina-jakovcic","status":"publish","type":"page","link":"https:\/\/postcity.ffzg.unizg.hr\/en\/martina-jakovcic\/","title":{"rendered":"Martina Jakov\u010di\u0107"},"content":{"rendered":"<div data-elementor-type=\"wp-page\" data-elementor-id=\"2763\" class=\"elementor elementor-2763\">\n\t\t\t\t<div class=\"elementor-element elementor-element-626a88e e-flex e-con-boxed e-con e-parent\" data-id=\"626a88e\" data-element_type=\"container\">\n\t\t\t\t\t<div class=\"e-con-inner\">\n\t\t<div class=\"elementor-element elementor-element-37b40f7 e-con-full e-flex e-con e-child\" data-id=\"37b40f7\" data-element_type=\"container\">\n\t\t\t\t<div class=\"elementor-element elementor-element-d4ae350 elementor-widget elementor-widget-image\" data-id=\"d4ae350\" data-element_type=\"widget\" data-widget_type=\"image.default\">\n\t\t\t\t<div class=\"elementor-widget-container\">\n\t\t\t\t\t\t\t\t\t\t\t\t\t\t\t<img decoding=\"async\" src=\"https:\/\/postcity.ffzg.unizg.hr\/wp-content\/uploads\/2025\/09\/8Z0A1080-scaled.jpg\" title=\"8Z0A1080\" alt=\"8Z0A1080\" loading=\"lazy\" \/>\t\t\t\t\t\t\t\t\t\t\t\t\t\t\t<\/div>\n\t\t\t\t<\/div>\n\t\t\t\t<\/div>\n\t\t<div class=\"elementor-element elementor-element-d312f66 e-flex e-con-boxed e-con e-child\" data-id=\"d312f66\" data-element_type=\"container\">\n\t\t\t\t\t<div class=\"e-con-inner\">\n\t\t\t\t<div class=\"elementor-element elementor-element-c5aa998 elementor-widget elementor-widget-text-editor\" data-id=\"c5aa998\" data-element_type=\"widget\" data-widget_type=\"text-editor.default\">\n\t\t\t\t<div class=\"elementor-widget-container\">\n\t\t\t\t\t\t\t\t\t<p><strong>Martina Jakov\u010di\u0107<\/strong> is a professor at the Department of Geography, Faculty of Science, University\nof Zagreb. She graduated in History and Geography from the Faculty of Humanities and Social\nSciences in 2002 and earned her PhD in Geography from the Faculty of Science in 2008. Her\nresearch interests include economic geography, the geography of consumption, and spatial\nplanning. Her research has explored the development of shopping centers and consumer\npractices in postsocialist countries, with a focus on Croatia and Slovenia. Another strand of her\nresearch examines the transformation of urban functional structures influenced by\ndeindustrialization, with particular attention to the processes and impacts of repurposing former\nindustrial and military brownfield sites. She has participated in numerous national and bilateral\nresearch projects and is the author of around forty scientific papers and book chapters. Since\n2004, she has held a continuous appointment at the Faculty of Science, where she teaches\ncourses in economic and transport geography. She has served two terms as Head of the\nDepartment of Geography, was Vice-Dean for International Cooperation from 2020, and, as of\n2025, holds the position of Vice-Dean for Finance and Business Affairs.<\/p>\n<p>Vi\u0161e:&nbsp;<a style=\"font-size: 18px; letter-spacing: 0.7px; background-color: #ffffff;\" href=\"https:\/\/www.pmf.unizg.hr\/geog\/martina.jakovcic\" target=\"_blank\" rel=\"noopener\">https:\/\/www.pmf.unizg.hr\/geog\/martina.jakovcic<\/a><\/p>\n<p><a href=\"https:\/\/www.croris.hr\/osobe\/profil\/1246\">https:\/\/www.croris.hr\/osobe\/profil\/1246<\/a><\/p>\t\t\t\t\t\t\t\t<\/div>\n\t\t\t\t<\/div>\n\t\t\t\t\t<\/div>\n\t\t\t\t<\/div>\n\t\t\t\t\t<\/div>\n\t\t\t\t<\/div>\n\t\t<div class=\"elementor-element elementor-element-54910c2 e-grid e-con-boxed e-con e-parent\" data-id=\"54910c2\" data-element_type=\"container\">\n\t\t\t\t\t<div class=\"e-con-inner\">\n\t\t\t\t<div class=\"elementor-element elementor-element-a674bec elementor-widget elementor-widget-heading\" data-id=\"a674bec\" data-element_type=\"widget\" data-widget_type=\"heading.default\">\n\t\t\t\t<div class=\"elementor-widget-container\">\n\t\t\t\t\t<h2 class=\"elementor-heading-title elementor-size-default\"><a href=\"https:\/\/postcity.ffzg.unizg.hr\/en\/nevena-skrbic-alempijevic\/\">Nevena \u0160krbi\u0107 Alempijevi\u0107<\/a><\/h2>\t\t\t\t<\/div>\n\t\t\t\t<\/div>\n\t\t\t\t<div class=\"elementor-element elementor-element-960210c elementor-widget elementor-widget-heading\" data-id=\"960210c\" data-element_type=\"widget\" data-widget_type=\"heading.default\">\n\t\t\t\t<div class=\"elementor-widget-container\">\n\t\t\t\t\t<h2 class=\"elementor-heading-title elementor-size-default\"><a href=\"https:\/\/postcity.ffzg.unizg.hr\/en\/sanja-potkonjak\/\">Sanja Potkonjak<\/a><\/h2>\t\t\t\t<\/div>\n\t\t\t\t<\/div>\n\t\t\t\t<div class=\"elementor-element elementor-element-5f3d3cd elementor-widget elementor-widget-heading\" data-id=\"5f3d3cd\" data-element_type=\"widget\" data-widget_type=\"heading.default\">\n\t\t\t\t<div class=\"elementor-widget-container\">\n\t\t\t\t\t<h2 class=\"elementor-heading-title elementor-size-default\"><a href=\"https:\/\/postcity.ffzg.unizg.hr\/en\/petra-kelemen\/\">Petra Kelemen<\/a><\/h2>\t\t\t\t<\/div>\n\t\t\t\t<\/div>\n\t\t\t\t<div class=\"elementor-element elementor-element-7457997 elementor-widget elementor-widget-heading\" data-id=\"7457997\" data-element_type=\"widget\" data-widget_type=\"heading.default\">\n\t\t\t\t<div class=\"elementor-widget-container\">\n\t\t\t\t\t<h2 class=\"elementor-heading-title elementor-size-default\"><a href=\"https:\/\/postcity.ffzg.unizg.hr\/en\/tihana-petrovic-les\/\">Tihana Petrovi\u0107 Le\u0161<\/a><\/h2>\t\t\t\t<\/div>\n\t\t\t\t<\/div>\n\t\t\t\t<div class=\"elementor-element elementor-element-aba75b0 elementor-widget elementor-widget-heading\" data-id=\"aba75b0\" data-element_type=\"widget\" data-widget_type=\"heading.default\">\n\t\t\t\t<div class=\"elementor-widget-container\">\n\t\t\t\t\t<h2 class=\"elementor-heading-title elementor-size-default\"><a href=\"https:\/\/postcity.ffzg.unizg.hr\/en\/kristina-vugdelija\/\">Kristina Vugdelija<\/a><\/h2>\t\t\t\t<\/div>\n\t\t\t\t<\/div>\n\t\t\t\t<div class=\"elementor-element elementor-element-f184165 elementor-widget elementor-widget-heading\" data-id=\"f184165\" data-element_type=\"widget\" data-widget_type=\"heading.default\">\n\t\t\t\t<div class=\"elementor-widget-container\">\n\t\t\t\t\t<h2 class=\"elementor-heading-title elementor-size-default\"><a href=\"https:\/\/postcity.ffzg.unizg.hr\/en\/iva-grubisa\/\">Iva Grubi\u0161a<\/a><\/h2>\t\t\t\t<\/div>\n\t\t\t\t<\/div>\n\t\t\t\t<div class=\"elementor-element elementor-element-11b6ed1 elementor-widget elementor-widget-heading\" data-id=\"11b6ed1\" data-element_type=\"widget\" data-widget_type=\"heading.default\">\n\t\t\t\t<div class=\"elementor-widget-container\">\n\t\t\t\t\t<h2 class=\"elementor-heading-title elementor-size-default\"><a href=\"https:\/\/postcity.ffzg.unizg.hr\/en\/lea-bilicic\/\">Lea Bili\u010di\u0107<\/a><\/h2>\t\t\t\t<\/div>\n\t\t\t\t<\/div>\n\t\t\t\t<div class=\"elementor-element elementor-element-154b90b elementor-widget elementor-widget-heading\" data-id=\"154b90b\" data-element_type=\"widget\" data-widget_type=\"heading.default\">\n\t\t\t\t<div class=\"elementor-widget-container\">\n\t\t\t\t\t<h2 class=\"elementor-heading-title elementor-size-default\"><a href=\"https:\/\/postcity.ffzg.unizg.hr\/en\/laura-sakaja\/\">Laura \u0160akaja<\/a><\/h2>\t\t\t\t<\/div>\n\t\t\t\t<\/div>\n\t\t\t\t\t<\/div>\n\t\t\t\t<\/div>\n\t\t\t\t<\/div>","protected":false},"excerpt":{"rendered":"<p>Martina Jakov\u010di\u0107 redovita je profesorica na Geografskom odsjeku Prirodoslovno-matemati\u010dkog fakulteta Sveu\u010dili\u0161ta u Zagrebu. Diplomirala je povijest i geografiju na Filozofskom fakultetu 2002. godine, a doktorirala na Prirodoslovno-matemati\u010dkom fakultetu 2008. godine u polju geografije. Podru\u010dja njezina interesa su ekonomska geografija, geografija potro\u0161nje i prostorno planiranje. Tijekom svoje znanstvene karijere bavila se temama razvoja trgova\u010dkih centara i [&hellip;]<\/p>\n","protected":false},"author":2,"featured_media":0,"parent":0,"menu_order":0,"comment_status":"closed","ping_status":"closed","template":"","meta":{"ocean_post_layout":"","ocean_both_sidebars_style":"","ocean_both_sidebars_content_width":0,"ocean_both_sidebars_sidebars_width":0,"ocean_sidebar":"","ocean_second_sidebar":"","ocean_disable_margins":"enable","ocean_add_body_class":"","ocean_shortcode_before_top_bar":"","ocean_shortcode_after_top_bar":"","ocean_shortcode_before_header":"","ocean_shortcode_after_header":"","ocean_has_shortcode":"","ocean_shortcode_after_title":"","ocean_shortcode_before_footer_widgets":"","ocean_shortcode_after_footer_widgets":"","ocean_shortcode_before_footer_bottom":"","ocean_shortcode_after_footer_bottom":"","ocean_display_top_bar":"default","ocean_display_header":"default","ocean_header_style":"","ocean_center_header_left_menu":"","ocean_custom_header_template":"","ocean_custom_logo":0,"ocean_custom_retina_logo":0,"ocean_custom_logo_max_width":0,"ocean_custom_logo_tablet_max_width":0,"ocean_custom_logo_mobile_max_width":0,"ocean_custom_logo_max_height":0,"ocean_custom_logo_tablet_max_height":0,"ocean_custom_logo_mobile_max_height":0,"ocean_header_custom_menu":"","ocean_menu_typo_font_family":"","ocean_menu_typo_font_subset":"","ocean_menu_typo_font_size":0,"ocean_menu_typo_font_size_tablet":0,"ocean_menu_typo_font_size_mobile":0,"ocean_menu_typo_font_size_unit":"px","ocean_menu_typo_font_weight":"","ocean_menu_typo_font_weight_tablet":"","ocean_menu_typo_font_weight_mobile":"","ocean_menu_typo_transform":"","ocean_menu_typo_transform_tablet":"","ocean_menu_typo_transform_mobile":"","ocean_menu_typo_line_height":0,"ocean_menu_typo_line_height_tablet":0,"ocean_menu_typo_line_height_mobile":0,"ocean_menu_typo_line_height_unit":"","ocean_menu_typo_spacing":0,"ocean_menu_typo_spacing_tablet":0,"ocean_menu_typo_spacing_mobile":0,"ocean_menu_typo_spacing_unit":"","ocean_menu_link_color":"","ocean_menu_link_color_hover":"","ocean_menu_link_color_active":"","ocean_menu_link_background":"","ocean_menu_link_hover_background":"","ocean_menu_link_active_background":"","ocean_menu_social_links_bg":"","ocean_menu_social_hover_links_bg":"","ocean_menu_social_links_color":"","ocean_menu_social_hover_links_color":"","ocean_disable_title":"default","ocean_disable_heading":"default","ocean_post_title":"","ocean_post_subheading":"","ocean_post_title_style":"","ocean_post_title_background_color":"","ocean_post_title_background":0,"ocean_post_title_bg_image_position":"","ocean_post_title_bg_image_attachment":"","ocean_post_title_bg_image_repeat":"","ocean_post_title_bg_image_size":"","ocean_post_title_height":0,"ocean_post_title_bg_overlay":0.5,"ocean_post_title_bg_overlay_color":"","ocean_disable_breadcrumbs":"default","ocean_breadcrumbs_color":"","ocean_breadcrumbs_separator_color":"","ocean_breadcrumbs_links_color":"","ocean_breadcrumbs_links_hover_color":"","ocean_display_footer_widgets":"default","ocean_display_footer_bottom":"default","ocean_custom_footer_template":"","footnotes":""},"class_list":["post-2763","page","type-page","status-publish","hentry","entry"],"rttpg_featured_image_url":null,"rttpg_author":{"display_name":"Andrijana Markovi\u0107","author_link":"https:\/\/postcity.ffzg.unizg.hr\/en\/author\/amarkovic\/"},"rttpg_comment":0,"rttpg_category":null,"rttpg_excerpt":"Martina Jakov\u010di\u0107 redovita je profesorica na Geografskom odsjeku Prirodoslovno-matemati\u010dkog fakulteta Sveu\u010dili\u0161ta u Zagrebu. Diplomirala je povijest i geografiju na Filozofskom fakultetu 2002. godine, a doktorirala na Prirodoslovno-matemati\u010dkom fakultetu 2008. godine u polju geografije. Podru\u010dja njezina interesa su ekonomska geografija, geografija potro\u0161nje i prostorno planiranje. Tijekom svoje znanstvene karijere bavila se temama razvoja trgova\u010dkih centara i&hellip;","_links":{"self":[{"href":"https:\/\/postcity.ffzg.unizg.hr\/en\/wp-json\/wp\/v2\/pages\/2763","targetHints":{"allow":["GET"]}}],"collection":[{"href":"https:\/\/postcity.ffzg.unizg.hr\/en\/wp-json\/wp\/v2\/pages"}],"about":[{"href":"https:\/\/postcity.ffzg.unizg.hr\/en\/wp-json\/wp\/v2\/types\/page"}],"author":[{"embeddable":true,"href":"https:\/\/postcity.ffzg.unizg.hr\/en\/wp-json\/wp\/v2\/users\/2"}],"replies":[{"embeddable":true,"href":"https:\/\/postcity.ffzg.unizg.hr\/en\/wp-json\/wp\/v2\/comments?post=2763"}],"version-history":[{"count":13,"href":"https:\/\/postcity.ffzg.unizg.hr\/en\/wp-json\/wp\/v2\/pages\/2763\/revisions"}],"predecessor-version":[{"id":3365,"href":"https:\/\/postcity.ffzg.unizg.hr\/en\/wp-json\/wp\/v2\/pages\/2763\/revisions\/3365"}],"wp:attachment":[{"href":"https:\/\/postcity.ffzg.unizg.hr\/en\/wp-json\/wp\/v2\/media?parent=2763"}],"curies":[{"name":"wp","href":"https:\/\/api.w.org\/{rel}","templated":true}]}}