{"id":292,"date":"2024-05-12T14:07:31","date_gmt":"2024-05-12T14:07:31","guid":{"rendered":"https:\/\/postcity.ffzg.unizg.hr\/?page_id=292"},"modified":"2025-12-13T00:19:26","modified_gmt":"2025-12-12T23:19:26","slug":"sanja-potkonjak","status":"publish","type":"page","link":"https:\/\/postcity.ffzg.unizg.hr\/en\/sanja-potkonjak\/","title":{"rendered":"Sanja Potkonjak"},"content":{"rendered":"<div data-elementor-type=\"wp-page\" data-elementor-id=\"292\" class=\"elementor elementor-292\">\n\t\t\t\t<div class=\"elementor-element elementor-element-9a4b664 e-flex e-con-boxed e-con e-parent\" data-id=\"9a4b664\" data-element_type=\"container\">\n\t\t\t\t\t<div class=\"e-con-inner\">\n\t\t<div class=\"elementor-element elementor-element-ce31cf5 e-con-full e-flex e-con e-child\" data-id=\"ce31cf5\" data-element_type=\"container\">\n\t\t\t\t<div class=\"elementor-element elementor-element-49d6c63 elementor-widget elementor-widget-image\" data-id=\"49d6c63\" data-element_type=\"widget\" data-widget_type=\"image.default\">\n\t\t\t\t<div class=\"elementor-widget-container\">\n\t\t\t\t\t\t\t\t\t\t\t\t\t\t\t<img fetchpriority=\"high\" decoding=\"async\" width=\"683\" height=\"1024\" src=\"https:\/\/postcity.ffzg.unizg.hr\/wp-content\/uploads\/2024\/05\/Sanja-683x1024.jpg\" class=\"attachment-large size-large wp-image-263\" alt=\"\" srcset=\"https:\/\/postcity.ffzg.unizg.hr\/wp-content\/uploads\/2024\/05\/Sanja-683x1024.jpg 683w, https:\/\/postcity.ffzg.unizg.hr\/wp-content\/uploads\/2024\/05\/Sanja-200x300.jpg 200w, https:\/\/postcity.ffzg.unizg.hr\/wp-content\/uploads\/2024\/05\/Sanja-768x1152.jpg 768w, https:\/\/postcity.ffzg.unizg.hr\/wp-content\/uploads\/2024\/05\/Sanja-1024x1536.jpg 1024w, https:\/\/postcity.ffzg.unizg.hr\/wp-content\/uploads\/2024\/05\/Sanja-1365x2048.jpg 1365w, https:\/\/postcity.ffzg.unizg.hr\/wp-content\/uploads\/2024\/05\/Sanja-scaled.jpg 1707w\" sizes=\"(max-width: 683px) 100vw, 683px\" \/>\t\t\t\t\t\t\t\t\t\t\t\t\t\t\t<\/div>\n\t\t\t\t<\/div>\n\t\t\t\t<\/div>\n\t\t<div class=\"elementor-element elementor-element-6a16e3d e-flex e-con-boxed e-con e-child\" data-id=\"6a16e3d\" data-element_type=\"container\">\n\t\t\t\t\t<div class=\"e-con-inner\">\n\t\t\t\t<div class=\"elementor-element elementor-element-6f57029 elementor-widget elementor-widget-text-editor\" data-id=\"6f57029\" data-element_type=\"widget\" data-widget_type=\"text-editor.default\">\n\t\t\t\t<div class=\"elementor-widget-container\">\n\t\t\t\t\t\t\t\t\t<p class=\"translation-block\"><strong>Sanja Potkonjak<\/strong> holds the position of associate professor at the Department of Ethnology and Cultural Anthropology, Faculty of Humanities and Social Sciences, University of Zagreb. She graduated from the Ethnology and Archaeology departments at the same Faculty and obtained her MA in Gender Studies from Central European University, Budapest, in 2002. She was awarded PhD in Ethnology and Anthropology by the University of Zagreb in 2010. As a researcher, she has participated in around twenty national, bilateral,  and international scientific projects with a focus on postsocialism, work cultures, postindustrial transformation, development and environmental injustice, and gender studies. She has co\/authored three books in Croatian: Fieldwork for Apprentice Ethnographers (2014), Thinking Ethnographically. Qualitative Approaches and Methods in Ethnology and Cultural Anthropology (with Nevena \u0160krbi\u0107 Alempijevi\u0107 and Tihana Rubi\u0107, 2016), and Where does the Factory Live? Ethnography of Postindustrial City (with Tea \u0160koki\u0107, 2022), for which she obtained the Croatian Ethnological Society Annual Award in 2022. She engaged in academic training at CEU, Budapest (the Curriculum Resource Center scholarship), and at the University of California, Berkeley. Since 2016, she has been a member of the academic board that organizes the international PhD programme Transformations in European Societies at the Ludwig-Maximilians University, Munich. She has been employed at the Department of Ethnology and Cultural Anthropology since 2003. There, she teaches qualitative methodology, research ethics, and experimental ethnographic writing. Her ethnographic research deals with the concepts of transformation and postindustrial capitalism, including their destructive and empowering effects.<\/p><p class=\"translation-block\">More:\u00a0<a href=\"https:\/\/etno.ffzg.unizg.hr\/nastavnici\/dr-sc-sanja-potkonjak\/\" target=\"_self\">https:\/\/etno.ffzg.unizg.hr\/nastavnici\/dr-sc-sanja-potkonjak\/<\/a><\/p><p><a href=\"https:\/\/www.croris.hr\/osobe\/profil\/290\">https:\/\/www.croris.hr\/osobe\/profil\/290<\/a><\/p>\t\t\t\t\t\t\t\t<\/div>\n\t\t\t\t<\/div>\n\t\t\t\t\t<\/div>\n\t\t\t\t<\/div>\n\t\t\t\t\t<\/div>\n\t\t\t\t<\/div>\n\t\t<div class=\"elementor-element elementor-element-2b82809 e-grid e-con-boxed e-con e-parent\" data-id=\"2b82809\" data-element_type=\"container\">\n\t\t\t\t\t<div class=\"e-con-inner\">\n\t\t\t\t<div class=\"elementor-element elementor-element-9949ad0 elementor-widget elementor-widget-heading\" data-id=\"9949ad0\" data-element_type=\"widget\" data-widget_type=\"heading.default\">\n\t\t\t\t<div class=\"elementor-widget-container\">\n\t\t\t\t\t<h2 class=\"elementor-heading-title elementor-size-default\"><a href=\"https:\/\/postcity.ffzg.unizg.hr\/en\/nevena-skrbic-alempijevic\/\">Nevena \u0160krbi\u0107 Alempijevi\u0107<\/a><\/h2>\t\t\t\t<\/div>\n\t\t\t\t<\/div>\n\t\t\t\t<div class=\"elementor-element elementor-element-86d9ea6 elementor-widget elementor-widget-heading\" data-id=\"86d9ea6\" data-element_type=\"widget\" data-widget_type=\"heading.default\">\n\t\t\t\t<div class=\"elementor-widget-container\">\n\t\t\t\t\t<h2 class=\"elementor-heading-title elementor-size-default\"><a href=\"https:\/\/postcity.ffzg.unizg.hr\/en\/petra-kelemen\/\">Petra Kelemen <\/a><\/h2>\t\t\t\t<\/div>\n\t\t\t\t<\/div>\n\t\t\t\t<div class=\"elementor-element elementor-element-4befeea elementor-widget elementor-widget-heading\" data-id=\"4befeea\" data-element_type=\"widget\" data-widget_type=\"heading.default\">\n\t\t\t\t<div class=\"elementor-widget-container\">\n\t\t\t\t\t<h2 class=\"elementor-heading-title elementor-size-default\"><a href=\"https:\/\/postcity.ffzg.unizg.hr\/en\/tihana-petrovic-les\/\">Tihana Petrovi\u0107 Le\u0161<\/a><\/h2>\t\t\t\t<\/div>\n\t\t\t\t<\/div>\n\t\t\t\t<div class=\"elementor-element elementor-element-6b73754 elementor-widget elementor-widget-heading\" data-id=\"6b73754\" data-element_type=\"widget\" data-widget_type=\"heading.default\">\n\t\t\t\t<div class=\"elementor-widget-container\">\n\t\t\t\t\t<h2 class=\"elementor-heading-title elementor-size-default\"><a href=\"https:\/\/postcity.ffzg.unizg.hr\/en\/kristina-vugdelija\/\">Kristina Vugdelija<\/a><\/h2>\t\t\t\t<\/div>\n\t\t\t\t<\/div>\n\t\t\t\t<div class=\"elementor-element elementor-element-257e380 elementor-widget elementor-widget-heading\" data-id=\"257e380\" data-element_type=\"widget\" data-widget_type=\"heading.default\">\n\t\t\t\t<div class=\"elementor-widget-container\">\n\t\t\t\t\t<h2 class=\"elementor-heading-title elementor-size-default\"><a href=\"https:\/\/postcity.ffzg.unizg.hr\/en\/iva-grubisa\/\">Iva Grubi\u0161a<\/a><\/h2>\t\t\t\t<\/div>\n\t\t\t\t<\/div>\n\t\t\t\t<div class=\"elementor-element elementor-element-fc14eea elementor-widget elementor-widget-heading\" data-id=\"fc14eea\" data-element_type=\"widget\" data-widget_type=\"heading.default\">\n\t\t\t\t<div class=\"elementor-widget-container\">\n\t\t\t\t\t<h2 class=\"elementor-heading-title elementor-size-default\"><a href=\"https:\/\/postcity.ffzg.unizg.hr\/en\/martina-jakovcic\/\">Martina Jakov\u010di\u0107<\/a><\/h2>\t\t\t\t<\/div>\n\t\t\t\t<\/div>\n\t\t\t\t<div class=\"elementor-element elementor-element-34febb8 elementor-widget elementor-widget-heading\" data-id=\"34febb8\" data-element_type=\"widget\" data-widget_type=\"heading.default\">\n\t\t\t\t<div class=\"elementor-widget-container\">\n\t\t\t\t\t<h2 class=\"elementor-heading-title elementor-size-default\"><a href=\"https:\/\/postcity.ffzg.unizg.hr\/en\/lea-bilicic\/\">Lea Bili\u010di\u0107<\/a><\/h2>\t\t\t\t<\/div>\n\t\t\t\t<\/div>\n\t\t\t\t<div class=\"elementor-element elementor-element-31e22f5 elementor-widget elementor-widget-heading\" data-id=\"31e22f5\" data-element_type=\"widget\" data-widget_type=\"heading.default\">\n\t\t\t\t<div class=\"elementor-widget-container\">\n\t\t\t\t\t<h2 class=\"elementor-heading-title elementor-size-default\"><a href=\"https:\/\/postcity.ffzg.unizg.hr\/en\/laura-sakaja\/\">Laura \u0160akaja<\/a><\/h2>\t\t\t\t<\/div>\n\t\t\t\t<\/div>\n\t\t\t\t\t<\/div>\n\t\t\t\t<\/div>\n\t\t\t\t<\/div>","protected":false},"excerpt":{"rendered":"<p>Sanja Potkonjak izvanredna je profesorica na Odsjeku za etnologiju i kulturnu antropologiju Filozofskog fakulteta Sveu\u010dili\u0161ta u Zagrebu. Diplomirala je etnologiju i arheologiju na\u00a0 Filozofskom fakultetu i magistrirala rodne studije na CEU u Budimpe\u0161ti 2002. godine. Doktorirala je u polju etnologije i antropologije 2010. godine na Filozofskom fakultetu Sveu\u010dili\u0161ta u Zagrebu. Dosad je sudjelovala kao istra\u017eiva\u010dica [&hellip;]<\/p>\n","protected":false},"author":2,"featured_media":0,"parent":0,"menu_order":0,"comment_status":"closed","ping_status":"closed","template":"","meta":{"ocean_post_layout":"","ocean_both_sidebars_style":"","ocean_both_sidebars_content_width":0,"ocean_both_sidebars_sidebars_width":0,"ocean_sidebar":"","ocean_second_sidebar":"","ocean_disable_margins":"enable","ocean_add_body_class":"","ocean_shortcode_before_top_bar":"","ocean_shortcode_after_top_bar":"","ocean_shortcode_before_header":"","ocean_shortcode_after_header":"","ocean_has_shortcode":"","ocean_shortcode_after_title":"","ocean_shortcode_before_footer_widgets":"","ocean_shortcode_after_footer_widgets":"","ocean_shortcode_before_footer_bottom":"","ocean_shortcode_after_footer_bottom":"","ocean_display_top_bar":"default","ocean_display_header":"default","ocean_header_style":"","ocean_center_header_left_menu":"","ocean_custom_header_template":"","ocean_custom_logo":0,"ocean_custom_retina_logo":0,"ocean_custom_logo_max_width":0,"ocean_custom_logo_tablet_max_width":0,"ocean_custom_logo_mobile_max_width":0,"ocean_custom_logo_max_height":0,"ocean_custom_logo_tablet_max_height":0,"ocean_custom_logo_mobile_max_height":0,"ocean_header_custom_menu":"","ocean_menu_typo_font_family":"","ocean_menu_typo_font_subset":"","ocean_menu_typo_font_size":0,"ocean_menu_typo_font_size_tablet":0,"ocean_menu_typo_font_size_mobile":0,"ocean_menu_typo_font_size_unit":"px","ocean_menu_typo_font_weight":"","ocean_menu_typo_font_weight_tablet":"","ocean_menu_typo_font_weight_mobile":"","ocean_menu_typo_transform":"","ocean_menu_typo_transform_tablet":"","ocean_menu_typo_transform_mobile":"","ocean_menu_typo_line_height":0,"ocean_menu_typo_line_height_tablet":0,"ocean_menu_typo_line_height_mobile":0,"ocean_menu_typo_line_height_unit":"","ocean_menu_typo_spacing":0,"ocean_menu_typo_spacing_tablet":0,"ocean_menu_typo_spacing_mobile":0,"ocean_menu_typo_spacing_unit":"","ocean_menu_link_color":"","ocean_menu_link_color_hover":"","ocean_menu_link_color_active":"","ocean_menu_link_background":"","ocean_menu_link_hover_background":"","ocean_menu_link_active_background":"","ocean_menu_social_links_bg":"","ocean_menu_social_hover_links_bg":"","ocean_menu_social_links_color":"","ocean_menu_social_hover_links_color":"","ocean_disable_title":"default","ocean_disable_heading":"default","ocean_post_title":"","ocean_post_subheading":"","ocean_post_title_style":"","ocean_post_title_background_color":"","ocean_post_title_background":0,"ocean_post_title_bg_image_position":"","ocean_post_title_bg_image_attachment":"","ocean_post_title_bg_image_repeat":"","ocean_post_title_bg_image_size":"","ocean_post_title_height":0,"ocean_post_title_bg_overlay":0.5,"ocean_post_title_bg_overlay_color":"","ocean_disable_breadcrumbs":"default","ocean_breadcrumbs_color":"","ocean_breadcrumbs_separator_color":"","ocean_breadcrumbs_links_color":"","ocean_breadcrumbs_links_hover_color":"","ocean_display_footer_widgets":"default","ocean_display_footer_bottom":"default","ocean_custom_footer_template":"","footnotes":""},"class_list":["post-292","page","type-page","status-publish","hentry","entry"],"rttpg_featured_image_url":null,"rttpg_author":{"display_name":"Andrijana Markovi\u0107","author_link":"https:\/\/postcity.ffzg.unizg.hr\/en\/author\/amarkovic\/"},"rttpg_comment":0,"rttpg_category":null,"rttpg_excerpt":"Sanja Potkonjak izvanredna je profesorica na Odsjeku za etnologiju i kulturnu antropologiju Filozofskog fakulteta Sveu\u010dili\u0161ta u Zagrebu. Diplomirala je etnologiju i arheologiju na\u00a0 Filozofskom fakultetu i magistrirala rodne studije na CEU u Budimpe\u0161ti 2002. godine. Doktorirala je u polju etnologije i antropologije 2010. godine na Filozofskom fakultetu Sveu\u010dili\u0161ta u Zagrebu. Dosad je sudjelovala kao istra\u017eiva\u010dica&hellip;","_links":{"self":[{"href":"https:\/\/postcity.ffzg.unizg.hr\/en\/wp-json\/wp\/v2\/pages\/292","targetHints":{"allow":["GET"]}}],"collection":[{"href":"https:\/\/postcity.ffzg.unizg.hr\/en\/wp-json\/wp\/v2\/pages"}],"about":[{"href":"https:\/\/postcity.ffzg.unizg.hr\/en\/wp-json\/wp\/v2\/types\/page"}],"author":[{"embeddable":true,"href":"https:\/\/postcity.ffzg.unizg.hr\/en\/wp-json\/wp\/v2\/users\/2"}],"replies":[{"embeddable":true,"href":"https:\/\/postcity.ffzg.unizg.hr\/en\/wp-json\/wp\/v2\/comments?post=292"}],"version-history":[{"count":34,"href":"https:\/\/postcity.ffzg.unizg.hr\/en\/wp-json\/wp\/v2\/pages\/292\/revisions"}],"predecessor-version":[{"id":3350,"href":"https:\/\/postcity.ffzg.unizg.hr\/en\/wp-json\/wp\/v2\/pages\/292\/revisions\/3350"}],"wp:attachment":[{"href":"https:\/\/postcity.ffzg.unizg.hr\/en\/wp-json\/wp\/v2\/media?parent=292"}],"curies":[{"name":"wp","href":"https:\/\/api.w.org\/{rel}","templated":true}]}}