{"id":297,"date":"2024-05-12T14:08:19","date_gmt":"2024-05-12T14:08:19","guid":{"rendered":"https:\/\/postcity.ffzg.unizg.hr\/?page_id=297"},"modified":"2025-12-13T00:19:32","modified_gmt":"2025-12-12T23:19:32","slug":"petra-kelemen","status":"publish","type":"page","link":"https:\/\/postcity.ffzg.unizg.hr\/en\/petra-kelemen\/","title":{"rendered":"Petra Kelemen"},"content":{"rendered":"<div data-elementor-type=\"wp-page\" data-elementor-id=\"297\" class=\"elementor elementor-297\">\n\t\t\t\t<div class=\"elementor-element elementor-element-76b6d56 e-flex e-con-boxed e-con e-parent\" data-id=\"76b6d56\" data-element_type=\"container\">\n\t\t\t\t\t<div class=\"e-con-inner\">\n\t\t<div class=\"elementor-element elementor-element-8b4a689 e-con-full e-flex e-con e-child\" data-id=\"8b4a689\" data-element_type=\"container\">\n\t\t\t\t<div class=\"elementor-element elementor-element-7cb2390 elementor-widget elementor-widget-image\" data-id=\"7cb2390\" data-element_type=\"widget\" data-widget_type=\"image.default\">\n\t\t\t\t<div class=\"elementor-widget-container\">\n\t\t\t\t\t\t\t\t\t\t\t\t\t\t\t<img fetchpriority=\"high\" decoding=\"async\" width=\"683\" height=\"1024\" src=\"https:\/\/postcity.ffzg.unizg.hr\/wp-content\/uploads\/2024\/05\/Petra-Kelemen-683x1024.jpg\" class=\"attachment-large size-large wp-image-593\" alt=\"\" srcset=\"https:\/\/postcity.ffzg.unizg.hr\/wp-content\/uploads\/2024\/05\/Petra-Kelemen-683x1024.jpg 683w, https:\/\/postcity.ffzg.unizg.hr\/wp-content\/uploads\/2024\/05\/Petra-Kelemen-200x300.jpg 200w, https:\/\/postcity.ffzg.unizg.hr\/wp-content\/uploads\/2024\/05\/Petra-Kelemen-768x1152.jpg 768w, https:\/\/postcity.ffzg.unizg.hr\/wp-content\/uploads\/2024\/05\/Petra-Kelemen.jpg 800w\" sizes=\"(max-width: 683px) 100vw, 683px\" \/>\t\t\t\t\t\t\t\t\t\t\t\t\t\t\t<\/div>\n\t\t\t\t<\/div>\n\t\t\t\t<\/div>\n\t\t<div class=\"elementor-element elementor-element-0b74a9f e-flex e-con-boxed e-con e-child\" data-id=\"0b74a9f\" data-element_type=\"container\">\n\t\t\t\t\t<div class=\"e-con-inner\">\n\t\t\t\t<div class=\"elementor-element elementor-element-f164410 elementor-widget elementor-widget-text-editor\" data-id=\"f164410\" data-element_type=\"widget\" data-widget_type=\"text-editor.default\">\n\t\t\t\t<div class=\"elementor-widget-container\">\n\t\t\t\t\t\t\t\t\t<p class=\"translation-block\"><b>Petra Kelemen<\/b> is an associate professor at the Department of Ethnology and Cultural Anthropology, Faculty of Humanities and Social Sciences, University of Zagreb. She received her PhD at the same Faculty in 2012. She has collaborated on around fifteen national and international research projects. In addition to her involvement in the PostCity project, she is currently participating in the project \u201cEndangered Wooden Architecture of Banovina\/Banija, Pokuplje and Posavina Regions (Croatia, EU)\u201d (2022\u20132024, Endangered Wooden Architecture Programme, Oxford Brookes University and Arcadia Foundation). She has co-authored a book in Croatian, The Town as It Should Be. Ethnological and Cultural Anthropological Reflections on Festivals (with Nevena \u0160krbi\u0107 Alempijevi\u0107, 2012) and a scientific and popular publication The City and International Migrants (with Jasna \u010capo, 2019). She has also published around thirty scientific and professional papers in scientific journals and edited volumes. She has received several awards from the University of Zagreb Faculty of Humanities and Social Sciences (2005, 2013, and 2015) and the Croatian Ethnological Society (2015, 2019 and 2020). Her research interests and teaching focus on: cultural policies, heritage-making, intangible cultural heritage, festivals and other public events, and the anthropology of tourism.<\/p><p class=\"translation-block\">More: <a href=\"https:\/\/etno.ffzg.unizg.hr\/nastavnici\/dr-sc-petra-kelemen\/\" target=\"_self\">https:\/\/etno.ffzg.unizg.hr\/nastavnici\/dr-sc-petra-kelemen\/<\/a><\/p><p><a href=\"https:\/\/www.croris.hr\/osobe\/profil\/28495\">https:\/\/www.croris.hr\/osobe\/profil\/28495<\/a><\/p>\t\t\t\t\t\t\t\t<\/div>\n\t\t\t\t<\/div>\n\t\t\t\t\t<\/div>\n\t\t\t\t<\/div>\n\t\t\t\t\t<\/div>\n\t\t\t\t<\/div>\n\t\t<div class=\"elementor-element elementor-element-24bd434 e-grid e-con-boxed e-con e-parent\" data-id=\"24bd434\" data-element_type=\"container\">\n\t\t\t\t\t<div class=\"e-con-inner\">\n\t\t\t\t<div class=\"elementor-element elementor-element-9c56adf elementor-widget elementor-widget-heading\" data-id=\"9c56adf\" data-element_type=\"widget\" data-widget_type=\"heading.default\">\n\t\t\t\t<div class=\"elementor-widget-container\">\n\t\t\t\t\t<h2 class=\"elementor-heading-title elementor-size-default\"><a href=\"https:\/\/postcity.ffzg.unizg.hr\/en\/nevena-skrbic-alempijevic\/\">Nevena \u0160krbi\u0107 Alempijevi\u0107<\/a><\/h2>\t\t\t\t<\/div>\n\t\t\t\t<\/div>\n\t\t\t\t<div class=\"elementor-element elementor-element-47909bd elementor-widget elementor-widget-heading\" data-id=\"47909bd\" data-element_type=\"widget\" data-widget_type=\"heading.default\">\n\t\t\t\t<div class=\"elementor-widget-container\">\n\t\t\t\t\t<h2 class=\"elementor-heading-title elementor-size-default\"><a href=\"https:\/\/postcity.ffzg.unizg.hr\/en\/sanja-potkonjak\/\">Sanja Potkonjak<\/a><\/h2>\t\t\t\t<\/div>\n\t\t\t\t<\/div>\n\t\t\t\t<div class=\"elementor-element elementor-element-39395dc elementor-widget elementor-widget-heading\" data-id=\"39395dc\" data-element_type=\"widget\" data-widget_type=\"heading.default\">\n\t\t\t\t<div class=\"elementor-widget-container\">\n\t\t\t\t\t<h2 class=\"elementor-heading-title elementor-size-default\"><a href=\"https:\/\/postcity.ffzg.unizg.hr\/en\/tihana-petrovic-les\/\">Tihana Petrovi\u0107 Le\u0161<\/a><\/h2>\t\t\t\t<\/div>\n\t\t\t\t<\/div>\n\t\t\t\t<div class=\"elementor-element elementor-element-0d79eb5 elementor-widget elementor-widget-heading\" data-id=\"0d79eb5\" data-element_type=\"widget\" data-widget_type=\"heading.default\">\n\t\t\t\t<div class=\"elementor-widget-container\">\n\t\t\t\t\t<h2 class=\"elementor-heading-title elementor-size-default\"><a href=\"https:\/\/postcity.ffzg.unizg.hr\/en\/kristina-vugdelija\/\">Kristina Vugdelija<\/a><\/h2>\t\t\t\t<\/div>\n\t\t\t\t<\/div>\n\t\t\t\t<div class=\"elementor-element elementor-element-fb67b39 elementor-widget elementor-widget-heading\" data-id=\"fb67b39\" data-element_type=\"widget\" data-widget_type=\"heading.default\">\n\t\t\t\t<div class=\"elementor-widget-container\">\n\t\t\t\t\t<h2 class=\"elementor-heading-title elementor-size-default\"><a href=\"https:\/\/postcity.ffzg.unizg.hr\/en\/iva-grubisa\/\">Iva Grubi\u0161a<\/a><\/h2>\t\t\t\t<\/div>\n\t\t\t\t<\/div>\n\t\t\t\t<div class=\"elementor-element elementor-element-1ad9cfd elementor-widget elementor-widget-heading\" data-id=\"1ad9cfd\" data-element_type=\"widget\" data-widget_type=\"heading.default\">\n\t\t\t\t<div class=\"elementor-widget-container\">\n\t\t\t\t\t<h2 class=\"elementor-heading-title elementor-size-default\"><a href=\"https:\/\/postcity.ffzg.unizg.hr\/en\/martina-jakovcic\/\">Martina Jakov\u010di\u0107<\/a><\/h2>\t\t\t\t<\/div>\n\t\t\t\t<\/div>\n\t\t\t\t<div class=\"elementor-element elementor-element-95fc310 elementor-widget elementor-widget-heading\" data-id=\"95fc310\" data-element_type=\"widget\" data-widget_type=\"heading.default\">\n\t\t\t\t<div class=\"elementor-widget-container\">\n\t\t\t\t\t<h2 class=\"elementor-heading-title elementor-size-default\"><a href=\"https:\/\/postcity.ffzg.unizg.hr\/en\/lea-bilicic\/\">Lea Bili\u010di\u0107<\/a><\/h2>\t\t\t\t<\/div>\n\t\t\t\t<\/div>\n\t\t\t\t<div class=\"elementor-element elementor-element-d963c03 elementor-widget elementor-widget-heading\" data-id=\"d963c03\" data-element_type=\"widget\" data-widget_type=\"heading.default\">\n\t\t\t\t<div class=\"elementor-widget-container\">\n\t\t\t\t\t<h2 class=\"elementor-heading-title elementor-size-default\"><a href=\"https:\/\/postcity.ffzg.unizg.hr\/en\/laura-sakaja\/\">Laura \u0160akaja<\/a><\/h2>\t\t\t\t<\/div>\n\t\t\t\t<\/div>\n\t\t\t\t\t<\/div>\n\t\t\t\t<\/div>\n\t\t\t\t<\/div>","protected":false},"excerpt":{"rendered":"<p>Petra Kelemen izvanredna je profesorica na Odsjeku za etnologiju i kulturnu antropologiju Filozofskog fakulteta Sveu\u010dili\u0161ta u Zagrebu. Na istom je Fakultetu doktorirala 2012. godine. Sura\u0111ivala je na petnaestak doma\u0107ih i me\u0111unarodnih znanstvenih projekata.\u00a0 Objavila je suautorsku znanstvenu knjigu Grad kakav bi trebao biti. Etnolo\u0161ki i kulturnoantropolo\u0161ki osvrti na festivale (s Nevenom \u0160krbi\u0107 Alempijevi\u0107, 2012) i [&hellip;]<\/p>\n","protected":false},"author":2,"featured_media":0,"parent":0,"menu_order":0,"comment_status":"closed","ping_status":"closed","template":"","meta":{"ocean_post_layout":"","ocean_both_sidebars_style":"","ocean_both_sidebars_content_width":0,"ocean_both_sidebars_sidebars_width":0,"ocean_sidebar":"","ocean_second_sidebar":"","ocean_disable_margins":"enable","ocean_add_body_class":"","ocean_shortcode_before_top_bar":"","ocean_shortcode_after_top_bar":"","ocean_shortcode_before_header":"","ocean_shortcode_after_header":"","ocean_has_shortcode":"","ocean_shortcode_after_title":"","ocean_shortcode_before_footer_widgets":"","ocean_shortcode_after_footer_widgets":"","ocean_shortcode_before_footer_bottom":"","ocean_shortcode_after_footer_bottom":"","ocean_display_top_bar":"default","ocean_display_header":"default","ocean_header_style":"","ocean_center_header_left_menu":"","ocean_custom_header_template":"","ocean_custom_logo":0,"ocean_custom_retina_logo":0,"ocean_custom_logo_max_width":0,"ocean_custom_logo_tablet_max_width":0,"ocean_custom_logo_mobile_max_width":0,"ocean_custom_logo_max_height":0,"ocean_custom_logo_tablet_max_height":0,"ocean_custom_logo_mobile_max_height":0,"ocean_header_custom_menu":"","ocean_menu_typo_font_family":"","ocean_menu_typo_font_subset":"","ocean_menu_typo_font_size":0,"ocean_menu_typo_font_size_tablet":0,"ocean_menu_typo_font_size_mobile":0,"ocean_menu_typo_font_size_unit":"px","ocean_menu_typo_font_weight":"","ocean_menu_typo_font_weight_tablet":"","ocean_menu_typo_font_weight_mobile":"","ocean_menu_typo_transform":"","ocean_menu_typo_transform_tablet":"","ocean_menu_typo_transform_mobile":"","ocean_menu_typo_line_height":0,"ocean_menu_typo_line_height_tablet":0,"ocean_menu_typo_line_height_mobile":0,"ocean_menu_typo_line_height_unit":"","ocean_menu_typo_spacing":0,"ocean_menu_typo_spacing_tablet":0,"ocean_menu_typo_spacing_mobile":0,"ocean_menu_typo_spacing_unit":"","ocean_menu_link_color":"","ocean_menu_link_color_hover":"","ocean_menu_link_color_active":"","ocean_menu_link_background":"","ocean_menu_link_hover_background":"","ocean_menu_link_active_background":"","ocean_menu_social_links_bg":"","ocean_menu_social_hover_links_bg":"","ocean_menu_social_links_color":"","ocean_menu_social_hover_links_color":"","ocean_disable_title":"default","ocean_disable_heading":"default","ocean_post_title":"","ocean_post_subheading":"","ocean_post_title_style":"","ocean_post_title_background_color":"","ocean_post_title_background":0,"ocean_post_title_bg_image_position":"","ocean_post_title_bg_image_attachment":"","ocean_post_title_bg_image_repeat":"","ocean_post_title_bg_image_size":"","ocean_post_title_height":0,"ocean_post_title_bg_overlay":0.5,"ocean_post_title_bg_overlay_color":"","ocean_disable_breadcrumbs":"default","ocean_breadcrumbs_color":"","ocean_breadcrumbs_separator_color":"","ocean_breadcrumbs_links_color":"","ocean_breadcrumbs_links_hover_color":"","ocean_display_footer_widgets":"default","ocean_display_footer_bottom":"default","ocean_custom_footer_template":"","footnotes":""},"class_list":["post-297","page","type-page","status-publish","hentry","entry"],"rttpg_featured_image_url":null,"rttpg_author":{"display_name":"Andrijana Markovi\u0107","author_link":"https:\/\/postcity.ffzg.unizg.hr\/en\/author\/amarkovic\/"},"rttpg_comment":0,"rttpg_category":null,"rttpg_excerpt":"Petra Kelemen izvanredna je profesorica na Odsjeku za etnologiju i kulturnu antropologiju Filozofskog fakulteta Sveu\u010dili\u0161ta u Zagrebu. Na istom je Fakultetu doktorirala 2012. godine. Sura\u0111ivala je na petnaestak doma\u0107ih i me\u0111unarodnih znanstvenih projekata.\u00a0 Objavila je suautorsku znanstvenu knjigu Grad kakav bi trebao biti. Etnolo\u0161ki i kulturnoantropolo\u0161ki osvrti na festivale (s Nevenom \u0160krbi\u0107 Alempijevi\u0107, 2012) i&hellip;","_links":{"self":[{"href":"https:\/\/postcity.ffzg.unizg.hr\/en\/wp-json\/wp\/v2\/pages\/297","targetHints":{"allow":["GET"]}}],"collection":[{"href":"https:\/\/postcity.ffzg.unizg.hr\/en\/wp-json\/wp\/v2\/pages"}],"about":[{"href":"https:\/\/postcity.ffzg.unizg.hr\/en\/wp-json\/wp\/v2\/types\/page"}],"author":[{"embeddable":true,"href":"https:\/\/postcity.ffzg.unizg.hr\/en\/wp-json\/wp\/v2\/users\/2"}],"replies":[{"embeddable":true,"href":"https:\/\/postcity.ffzg.unizg.hr\/en\/wp-json\/wp\/v2\/comments?post=297"}],"version-history":[{"count":52,"href":"https:\/\/postcity.ffzg.unizg.hr\/en\/wp-json\/wp\/v2\/pages\/297\/revisions"}],"predecessor-version":[{"id":3353,"href":"https:\/\/postcity.ffzg.unizg.hr\/en\/wp-json\/wp\/v2\/pages\/297\/revisions\/3353"}],"wp:attachment":[{"href":"https:\/\/postcity.ffzg.unizg.hr\/en\/wp-json\/wp\/v2\/media?parent=297"}],"curies":[{"name":"wp","href":"https:\/\/api.w.org\/{rel}","templated":true}]}}