{"id":307,"date":"2024-05-12T14:09:34","date_gmt":"2024-05-12T14:09:34","guid":{"rendered":"https:\/\/postcity.ffzg.unizg.hr\/?page_id=307"},"modified":"2025-12-13T00:19:44","modified_gmt":"2025-12-12T23:19:44","slug":"kristina-vugdelija","status":"publish","type":"page","link":"https:\/\/postcity.ffzg.unizg.hr\/en\/kristina-vugdelija\/","title":{"rendered":"Kristina Vugdelija"},"content":{"rendered":"<div data-elementor-type=\"wp-page\" data-elementor-id=\"307\" class=\"elementor elementor-307\">\n\t\t\t\t<div class=\"elementor-element elementor-element-0d2e8c4 e-flex e-con-boxed e-con e-parent\" data-id=\"0d2e8c4\" data-element_type=\"container\">\n\t\t\t\t\t<div class=\"e-con-inner\">\n\t\t<div class=\"elementor-element elementor-element-cf7434d e-con-full e-flex e-con e-child\" data-id=\"cf7434d\" data-element_type=\"container\">\n\t\t\t\t<div class=\"elementor-element elementor-element-913f40a elementor-widget elementor-widget-image\" data-id=\"913f40a\" data-element_type=\"widget\" data-widget_type=\"image.default\">\n\t\t\t\t<div class=\"elementor-widget-container\">\n\t\t\t\t\t\t\t\t\t\t\t\t\t\t\t<img fetchpriority=\"high\" decoding=\"async\" width=\"683\" height=\"1024\" src=\"https:\/\/postcity.ffzg.unizg.hr\/wp-content\/uploads\/2024\/05\/Kristina-683x1024.jpg\" class=\"attachment-large size-large wp-image-266\" alt=\"\" srcset=\"https:\/\/postcity.ffzg.unizg.hr\/wp-content\/uploads\/2024\/05\/Kristina-683x1024.jpg 683w, https:\/\/postcity.ffzg.unizg.hr\/wp-content\/uploads\/2024\/05\/Kristina-200x300.jpg 200w, https:\/\/postcity.ffzg.unizg.hr\/wp-content\/uploads\/2024\/05\/Kristina-768x1152.jpg 768w, https:\/\/postcity.ffzg.unizg.hr\/wp-content\/uploads\/2024\/05\/Kristina-1024x1536.jpg 1024w, https:\/\/postcity.ffzg.unizg.hr\/wp-content\/uploads\/2024\/05\/Kristina-1365x2048.jpg 1365w, https:\/\/postcity.ffzg.unizg.hr\/wp-content\/uploads\/2024\/05\/Kristina-scaled.jpg 1707w\" sizes=\"(max-width: 683px) 100vw, 683px\" \/>\t\t\t\t\t\t\t\t\t\t\t\t\t\t\t<\/div>\n\t\t\t\t<\/div>\n\t\t\t\t<\/div>\n\t\t<div class=\"elementor-element elementor-element-6e0f5e6 e-flex e-con-boxed e-con e-child\" data-id=\"6e0f5e6\" data-element_type=\"container\">\n\t\t\t\t\t<div class=\"e-con-inner\">\n\t\t\t\t<div class=\"elementor-element elementor-element-1d02c7c elementor-widget elementor-widget-text-editor\" data-id=\"1d02c7c\" data-element_type=\"widget\" data-widget_type=\"text-editor.default\">\n\t\t\t\t<div class=\"elementor-widget-container\">\n\t\t\t\t\t\t\t\t\t<p class=\"translation-block\"><b>Kristina Vugdelija<\/b> is a senior assistant at the Department of Ethnology and Cultural Anthropology, Faculty of Humanities and Social Sciences, University of Zagreb. In 2013 she graduated from the same Faculty with a degree in Ethnology and Cultural Anthropology and Croatian Language and Literature. In 2023, she obtained her PhD in Ethnology and Cultural Anthropology with the thesis The Making of National Heroes in Contemporary Cultures of Memory in Croatia. She also completed the three-year international doctoral programme Transformations in European Societies at Ludwig-Maximilians University in Munich. Since 2017, she has been employed at the Department of Ethnology and Cultural Anthropology in Zagreb. She is a member of the editorial boards in hed-biblioteka, the publishing series of the Croatian Ethnological Society, and in the Etnolo\u0161ka tribina scientific journal. Her research interests are related to political anthropology, anthropology of social memory, postsocialist transformation, and heroism studies.<\/p>\n<p class=\"translation-block\">More: <a href=\"https:\/\/etno.ffzg.unizg.hr\/nastavnici\/kristina-vugdelija\/\" target=\"_self\">https:\/\/etno.ffzg.unizg.hr\/nastavnici\/kristina-vugdelija\/<\/a><\/p>\n<p><a href=\"https:\/\/www.croris.hr\/osobe\/profil\/34022\">https:\/\/www.croris.hr\/osobe\/profil\/34022<\/a><\/p>\t\t\t\t\t\t\t\t<\/div>\n\t\t\t\t<\/div>\n\t\t\t\t\t<\/div>\n\t\t\t\t<\/div>\n\t\t\t\t\t<\/div>\n\t\t\t\t<\/div>\n\t\t<div class=\"elementor-element elementor-element-c9237fc e-grid e-con-boxed e-con e-parent\" data-id=\"c9237fc\" data-element_type=\"container\">\n\t\t\t\t\t<div class=\"e-con-inner\">\n\t\t\t\t<div class=\"elementor-element elementor-element-440207a elementor-widget elementor-widget-heading\" data-id=\"440207a\" data-element_type=\"widget\" data-widget_type=\"heading.default\">\n\t\t\t\t<div class=\"elementor-widget-container\">\n\t\t\t\t\t<h2 class=\"elementor-heading-title elementor-size-default\"><a href=\"https:\/\/postcity.ffzg.unizg.hr\/en\/nevena-skrbic-alempijevic\/\">Nevena \u0160krbi\u0107 Alempijevi\u0107<\/a><\/h2>\t\t\t\t<\/div>\n\t\t\t\t<\/div>\n\t\t\t\t<div class=\"elementor-element elementor-element-5fa8eda elementor-widget elementor-widget-heading\" data-id=\"5fa8eda\" data-element_type=\"widget\" data-widget_type=\"heading.default\">\n\t\t\t\t<div class=\"elementor-widget-container\">\n\t\t\t\t\t<h2 class=\"elementor-heading-title elementor-size-default\"><a href=\"https:\/\/postcity.ffzg.unizg.hr\/en\/sanja-potkonjak\/\">Sanja Potkonjak<\/a><\/h2>\t\t\t\t<\/div>\n\t\t\t\t<\/div>\n\t\t\t\t<div class=\"elementor-element elementor-element-f39319d elementor-widget elementor-widget-heading\" data-id=\"f39319d\" data-element_type=\"widget\" data-widget_type=\"heading.default\">\n\t\t\t\t<div class=\"elementor-widget-container\">\n\t\t\t\t\t<h2 class=\"elementor-heading-title elementor-size-default\"><a href=\"https:\/\/postcity.ffzg.unizg.hr\/en\/petra-kelemen\/\">Petra Kelemen <\/a><\/h2>\t\t\t\t<\/div>\n\t\t\t\t<\/div>\n\t\t\t\t<div class=\"elementor-element elementor-element-3be9392 elementor-widget elementor-widget-heading\" data-id=\"3be9392\" data-element_type=\"widget\" data-widget_type=\"heading.default\">\n\t\t\t\t<div class=\"elementor-widget-container\">\n\t\t\t\t\t<h2 class=\"elementor-heading-title elementor-size-default\"><a href=\"https:\/\/postcity.ffzg.unizg.hr\/en\/tihana-petrovic-les\/\">Tihana Petrovi\u0107 Le\u0161<\/a><\/h2>\t\t\t\t<\/div>\n\t\t\t\t<\/div>\n\t\t\t\t<div class=\"elementor-element elementor-element-0c9e758 elementor-widget elementor-widget-heading\" data-id=\"0c9e758\" data-element_type=\"widget\" data-widget_type=\"heading.default\">\n\t\t\t\t<div class=\"elementor-widget-container\">\n\t\t\t\t\t<h2 class=\"elementor-heading-title elementor-size-default\"><a href=\"https:\/\/postcity.ffzg.unizg.hr\/en\/iva-grubisa\/\">Iva Grubi\u0161a<\/a><\/h2>\t\t\t\t<\/div>\n\t\t\t\t<\/div>\n\t\t\t\t<div class=\"elementor-element elementor-element-daa87c5 elementor-widget elementor-widget-heading\" data-id=\"daa87c5\" data-element_type=\"widget\" data-widget_type=\"heading.default\">\n\t\t\t\t<div class=\"elementor-widget-container\">\n\t\t\t\t\t<h2 class=\"elementor-heading-title elementor-size-default\"><a href=\"https:\/\/postcity.ffzg.unizg.hr\/en\/martina-jakovcic\/\">Martina Jakov\u010di\u0107<\/a><\/h2>\t\t\t\t<\/div>\n\t\t\t\t<\/div>\n\t\t\t\t<div class=\"elementor-element elementor-element-cea4428 elementor-widget elementor-widget-heading\" data-id=\"cea4428\" data-element_type=\"widget\" data-widget_type=\"heading.default\">\n\t\t\t\t<div class=\"elementor-widget-container\">\n\t\t\t\t\t<h2 class=\"elementor-heading-title elementor-size-default\"><a href=\"https:\/\/postcity.ffzg.unizg.hr\/en\/lea-bilicic\/\">Lea Bili\u010di\u0107<\/a><\/h2>\t\t\t\t<\/div>\n\t\t\t\t<\/div>\n\t\t\t\t<div class=\"elementor-element elementor-element-8520fd0 elementor-widget elementor-widget-heading\" data-id=\"8520fd0\" data-element_type=\"widget\" data-widget_type=\"heading.default\">\n\t\t\t\t<div class=\"elementor-widget-container\">\n\t\t\t\t\t<h2 class=\"elementor-heading-title elementor-size-default\"><a href=\"https:\/\/postcity.ffzg.unizg.hr\/en\/laura-sakaja\/\">Laura \u0160akaja<\/a><\/h2>\t\t\t\t<\/div>\n\t\t\t\t<\/div>\n\t\t\t\t\t<\/div>\n\t\t\t\t<\/div>\n\t\t\t\t<\/div>","protected":false},"excerpt":{"rendered":"<p>Kristina Vugdelija vi\u0161a je asistentica na Odsjeku za etnologiju i kulturnu antropologiju Filozofskog fakulteta Sveu\u010dili\u0161ta u Zagrebu. Na istom je fakultetu diplomirala etnologiju i kulturnu antropologiju i kroatistiku 2013. godine, a 2023. godine doktorirala u polju etnologije i antropologije s temom Tvorba nacionalnih heroja u suvremenim kulturama sje\u0107anja u Hrvatskoj. Uz doktorski studij zavr\u0161ila je [&hellip;]<\/p>\n","protected":false},"author":2,"featured_media":0,"parent":0,"menu_order":0,"comment_status":"closed","ping_status":"closed","template":"","meta":{"ocean_post_layout":"","ocean_both_sidebars_style":"","ocean_both_sidebars_content_width":0,"ocean_both_sidebars_sidebars_width":0,"ocean_sidebar":"","ocean_second_sidebar":"","ocean_disable_margins":"enable","ocean_add_body_class":"","ocean_shortcode_before_top_bar":"","ocean_shortcode_after_top_bar":"","ocean_shortcode_before_header":"","ocean_shortcode_after_header":"","ocean_has_shortcode":"","ocean_shortcode_after_title":"","ocean_shortcode_before_footer_widgets":"","ocean_shortcode_after_footer_widgets":"","ocean_shortcode_before_footer_bottom":"","ocean_shortcode_after_footer_bottom":"","ocean_display_top_bar":"default","ocean_display_header":"default","ocean_header_style":"","ocean_center_header_left_menu":"","ocean_custom_header_template":"","ocean_custom_logo":0,"ocean_custom_retina_logo":0,"ocean_custom_logo_max_width":0,"ocean_custom_logo_tablet_max_width":0,"ocean_custom_logo_mobile_max_width":0,"ocean_custom_logo_max_height":0,"ocean_custom_logo_tablet_max_height":0,"ocean_custom_logo_mobile_max_height":0,"ocean_header_custom_menu":"","ocean_menu_typo_font_family":"","ocean_menu_typo_font_subset":"","ocean_menu_typo_font_size":0,"ocean_menu_typo_font_size_tablet":0,"ocean_menu_typo_font_size_mobile":0,"ocean_menu_typo_font_size_unit":"px","ocean_menu_typo_font_weight":"","ocean_menu_typo_font_weight_tablet":"","ocean_menu_typo_font_weight_mobile":"","ocean_menu_typo_transform":"","ocean_menu_typo_transform_tablet":"","ocean_menu_typo_transform_mobile":"","ocean_menu_typo_line_height":0,"ocean_menu_typo_line_height_tablet":0,"ocean_menu_typo_line_height_mobile":0,"ocean_menu_typo_line_height_unit":"","ocean_menu_typo_spacing":0,"ocean_menu_typo_spacing_tablet":0,"ocean_menu_typo_spacing_mobile":0,"ocean_menu_typo_spacing_unit":"","ocean_menu_link_color":"","ocean_menu_link_color_hover":"","ocean_menu_link_color_active":"","ocean_menu_link_background":"","ocean_menu_link_hover_background":"","ocean_menu_link_active_background":"","ocean_menu_social_links_bg":"","ocean_menu_social_hover_links_bg":"","ocean_menu_social_links_color":"","ocean_menu_social_hover_links_color":"","ocean_disable_title":"default","ocean_disable_heading":"default","ocean_post_title":"","ocean_post_subheading":"","ocean_post_title_style":"","ocean_post_title_background_color":"","ocean_post_title_background":0,"ocean_post_title_bg_image_position":"","ocean_post_title_bg_image_attachment":"","ocean_post_title_bg_image_repeat":"","ocean_post_title_bg_image_size":"","ocean_post_title_height":0,"ocean_post_title_bg_overlay":0.5,"ocean_post_title_bg_overlay_color":"","ocean_disable_breadcrumbs":"default","ocean_breadcrumbs_color":"","ocean_breadcrumbs_separator_color":"","ocean_breadcrumbs_links_color":"","ocean_breadcrumbs_links_hover_color":"","ocean_display_footer_widgets":"default","ocean_display_footer_bottom":"default","ocean_custom_footer_template":"","footnotes":""},"class_list":["post-307","page","type-page","status-publish","hentry","entry"],"rttpg_featured_image_url":null,"rttpg_author":{"display_name":"Andrijana Markovi\u0107","author_link":"https:\/\/postcity.ffzg.unizg.hr\/en\/author\/amarkovic\/"},"rttpg_comment":0,"rttpg_category":null,"rttpg_excerpt":"Kristina Vugdelija vi\u0161a je asistentica na Odsjeku za etnologiju i kulturnu antropologiju Filozofskog fakulteta Sveu\u010dili\u0161ta u Zagrebu. Na istom je fakultetu diplomirala etnologiju i kulturnu antropologiju i kroatistiku 2013. godine, a 2023. godine doktorirala u polju etnologije i antropologije s temom Tvorba nacionalnih heroja u suvremenim kulturama sje\u0107anja u Hrvatskoj. Uz doktorski studij zavr\u0161ila je&hellip;","_links":{"self":[{"href":"https:\/\/postcity.ffzg.unizg.hr\/en\/wp-json\/wp\/v2\/pages\/307","targetHints":{"allow":["GET"]}}],"collection":[{"href":"https:\/\/postcity.ffzg.unizg.hr\/en\/wp-json\/wp\/v2\/pages"}],"about":[{"href":"https:\/\/postcity.ffzg.unizg.hr\/en\/wp-json\/wp\/v2\/types\/page"}],"author":[{"embeddable":true,"href":"https:\/\/postcity.ffzg.unizg.hr\/en\/wp-json\/wp\/v2\/users\/2"}],"replies":[{"embeddable":true,"href":"https:\/\/postcity.ffzg.unizg.hr\/en\/wp-json\/wp\/v2\/comments?post=307"}],"version-history":[{"count":31,"href":"https:\/\/postcity.ffzg.unizg.hr\/en\/wp-json\/wp\/v2\/pages\/307\/revisions"}],"predecessor-version":[{"id":3359,"href":"https:\/\/postcity.ffzg.unizg.hr\/en\/wp-json\/wp\/v2\/pages\/307\/revisions\/3359"}],"wp:attachment":[{"href":"https:\/\/postcity.ffzg.unizg.hr\/en\/wp-json\/wp\/v2\/media?parent=307"}],"curies":[{"name":"wp","href":"https:\/\/api.w.org\/{rel}","templated":true}]}}