{"id":551,"date":"2024-05-16T07:33:49","date_gmt":"2024-05-16T07:33:49","guid":{"rendered":"https:\/\/postcity.ffzg.unizg.hr\/?page_id=551"},"modified":"2025-12-13T00:20:02","modified_gmt":"2025-12-12T23:20:02","slug":"laura-sakaja","status":"publish","type":"page","link":"https:\/\/postcity.ffzg.unizg.hr\/en\/laura-sakaja\/","title":{"rendered":"Laura \u0160akaja"},"content":{"rendered":"<div data-elementor-type=\"wp-page\" data-elementor-id=\"551\" class=\"elementor elementor-551\">\n\t\t\t\t<div class=\"elementor-element elementor-element-a9c5ed5 e-flex e-con-boxed e-con e-parent\" data-id=\"a9c5ed5\" data-element_type=\"container\">\n\t\t\t\t\t<div class=\"e-con-inner\">\n\t\t<div class=\"elementor-element elementor-element-c14c5ad e-con-full e-flex e-con e-child\" data-id=\"c14c5ad\" data-element_type=\"container\">\n\t\t\t\t<div class=\"elementor-element elementor-element-0739f2d elementor-widget elementor-widget-image\" data-id=\"0739f2d\" data-element_type=\"widget\" data-widget_type=\"image.default\">\n\t\t\t\t<div class=\"elementor-widget-container\">\n\t\t\t\t\t\t\t\t\t\t\t\t\t\t\t<img fetchpriority=\"high\" decoding=\"async\" width=\"823\" height=\"1234\" src=\"https:\/\/postcity.ffzg.unizg.hr\/wp-content\/uploads\/2024\/05\/Laura-Sakaja.jpg\" class=\"attachment-full size-full wp-image-550\" alt=\"\" srcset=\"https:\/\/postcity.ffzg.unizg.hr\/wp-content\/uploads\/2024\/05\/Laura-Sakaja.jpg 823w, https:\/\/postcity.ffzg.unizg.hr\/wp-content\/uploads\/2024\/05\/Laura-Sakaja-200x300.jpg 200w, https:\/\/postcity.ffzg.unizg.hr\/wp-content\/uploads\/2024\/05\/Laura-Sakaja-683x1024.jpg 683w, https:\/\/postcity.ffzg.unizg.hr\/wp-content\/uploads\/2024\/05\/Laura-Sakaja-768x1152.jpg 768w\" sizes=\"(max-width: 823px) 100vw, 823px\" \/>\t\t\t\t\t\t\t\t\t\t\t\t\t\t\t<\/div>\n\t\t\t\t<\/div>\n\t\t\t\t<\/div>\n\t\t<div class=\"elementor-element elementor-element-2f5961d e-flex e-con-boxed e-con e-child\" data-id=\"2f5961d\" data-element_type=\"container\">\n\t\t\t\t\t<div class=\"e-con-inner\">\n\t\t\t\t<div class=\"elementor-element elementor-element-9b0ebd6 elementor-widget elementor-widget-text-editor\" data-id=\"9b0ebd6\" data-element_type=\"widget\" data-widget_type=\"text-editor.default\">\n\t\t\t\t<div class=\"elementor-widget-container\">\n\t\t\t\t\t\t\t\t\t<p class=\"translation-block\"><strong>Laura \u0160akaja<\/strong> is a scientific advisor. She received her master's degree at the Faculty of\nGeography of the Moscow State University \"M. V. Lomonosov\", and her doctorate from the\nFaculty of Science, University of Zagreb with a topic in social geography. She was employed\nat the Moscow State University and Abkhazian State University. After moving to Croatia, she\nworked as a consultant at the Institute of Culture, Ministry of Culture, then as a research\nassociate at the Institute for Migration and Ethnic Studies in Zagreb and as a professor at the\nGeography Department, Faculty of Science, University of Zagreb. She has been retired from\n2023. She authored scientific books <em>Culture and Space: Spatial Organization of Cultural\nActivities in Croatia<\/em>  (1999), <em>Introduction to Cultural Geography<\/em>  (2015), and a scientific and\npopular publication <em>Blind People in the City Space<\/em> (2018). Her works include articles\npublished in scientific journals with the highest IP in the field (<em>Geografiska annaler, Social &amp;\nCultural Geography, Cultural Geographies<\/em>). She was awarded the Federik Grisogono Prize\nfor Science (2018) and the Croatian Geographical Society's Prize for Science (2022). She was\nthe editor-in-chief of the scientific journal Migration and ehnic studies and co-director of the\ninternational course \"Divided societies\" at the Inter-University Center in Dubrovnik. Her\nscientific interest is related to the study of mental maps and imaginative geography, symbolic\nlandscapes, urban toponymy and spatial aspects of religious and ethnic relations, as well as\nspatial aspects of disability.<\/p><p class=\"translation-block\">More: <a href=\"https:\/\/www.croris.hr\/osobe\/profil\/10301\" target=\"_self\">https:\/\/www.croris.hr\/osobe\/profil\/10301<\/a><\/p>\t\t\t\t\t\t\t\t<\/div>\n\t\t\t\t<\/div>\n\t\t\t\t\t<\/div>\n\t\t\t\t<\/div>\n\t\t\t\t\t<\/div>\n\t\t\t\t<\/div>\n\t\t<div class=\"elementor-element elementor-element-3c13a3e e-grid e-con-boxed e-con e-parent\" data-id=\"3c13a3e\" data-element_type=\"container\">\n\t\t\t\t\t<div class=\"e-con-inner\">\n\t\t\t\t<div class=\"elementor-element elementor-element-96c9ae9 elementor-widget elementor-widget-heading\" data-id=\"96c9ae9\" data-element_type=\"widget\" data-widget_type=\"heading.default\">\n\t\t\t\t<div class=\"elementor-widget-container\">\n\t\t\t\t\t<h2 class=\"elementor-heading-title elementor-size-default\"><a href=\"https:\/\/postcity.ffzg.unizg.hr\/en\/nevena-skrbic-alempijevic\/\">Nevena \u0160krbi\u0107 Alempijevi\u0107<\/a><\/h2>\t\t\t\t<\/div>\n\t\t\t\t<\/div>\n\t\t\t\t<div class=\"elementor-element elementor-element-2245069 elementor-widget elementor-widget-heading\" data-id=\"2245069\" data-element_type=\"widget\" data-widget_type=\"heading.default\">\n\t\t\t\t<div class=\"elementor-widget-container\">\n\t\t\t\t\t<h2 class=\"elementor-heading-title elementor-size-default\"><a href=\"https:\/\/postcity.ffzg.unizg.hr\/en\/sanja-potkonjak\/\">Sanja Potkonjak<\/a><\/h2>\t\t\t\t<\/div>\n\t\t\t\t<\/div>\n\t\t\t\t<div class=\"elementor-element elementor-element-4140b6b elementor-widget elementor-widget-heading\" data-id=\"4140b6b\" data-element_type=\"widget\" data-widget_type=\"heading.default\">\n\t\t\t\t<div class=\"elementor-widget-container\">\n\t\t\t\t\t<h2 class=\"elementor-heading-title elementor-size-default\"><a href=\"https:\/\/postcity.ffzg.unizg.hr\/en\/petra-kelemen\/\">Petra Kelemen<\/a><\/h2>\t\t\t\t<\/div>\n\t\t\t\t<\/div>\n\t\t\t\t<div class=\"elementor-element elementor-element-fb161b3 elementor-widget elementor-widget-heading\" data-id=\"fb161b3\" data-element_type=\"widget\" data-widget_type=\"heading.default\">\n\t\t\t\t<div class=\"elementor-widget-container\">\n\t\t\t\t\t<h2 class=\"elementor-heading-title elementor-size-default\"><a href=\"https:\/\/postcity.ffzg.unizg.hr\/en\/tihana-petrovic-les\/\">Tihana Petrovi\u0107 Le\u0161<\/a><\/h2>\t\t\t\t<\/div>\n\t\t\t\t<\/div>\n\t\t\t\t<div class=\"elementor-element elementor-element-0618137 elementor-widget elementor-widget-heading\" data-id=\"0618137\" data-element_type=\"widget\" data-widget_type=\"heading.default\">\n\t\t\t\t<div class=\"elementor-widget-container\">\n\t\t\t\t\t<h2 class=\"elementor-heading-title elementor-size-default\"><a href=\"https:\/\/postcity.ffzg.unizg.hr\/en\/kristina-vugdelija\/\">Kristina Vugdelija<\/a><\/h2>\t\t\t\t<\/div>\n\t\t\t\t<\/div>\n\t\t\t\t<div class=\"elementor-element elementor-element-df133e4 elementor-widget elementor-widget-heading\" data-id=\"df133e4\" data-element_type=\"widget\" data-widget_type=\"heading.default\">\n\t\t\t\t<div class=\"elementor-widget-container\">\n\t\t\t\t\t<h2 class=\"elementor-heading-title elementor-size-default\"><a href=\"https:\/\/postcity.ffzg.unizg.hr\/en\/iva-grubisa\/\">Iva Grubi\u0161a<\/a><\/h2>\t\t\t\t<\/div>\n\t\t\t\t<\/div>\n\t\t\t\t<div class=\"elementor-element elementor-element-1c0c409 elementor-widget elementor-widget-heading\" data-id=\"1c0c409\" data-element_type=\"widget\" data-widget_type=\"heading.default\">\n\t\t\t\t<div class=\"elementor-widget-container\">\n\t\t\t\t\t<h2 class=\"elementor-heading-title elementor-size-default\"><a href=\"https:\/\/postcity.ffzg.unizg.hr\/en\/martina-jakovcic\/\">Martina Jakov\u010di\u0107<\/a><\/h2>\t\t\t\t<\/div>\n\t\t\t\t<\/div>\n\t\t\t\t<div class=\"elementor-element elementor-element-e5ca98b elementor-widget elementor-widget-heading\" data-id=\"e5ca98b\" data-element_type=\"widget\" data-widget_type=\"heading.default\">\n\t\t\t\t<div class=\"elementor-widget-container\">\n\t\t\t\t\t<h2 class=\"elementor-heading-title elementor-size-default\"><a href=\"https:\/\/postcity.ffzg.unizg.hr\/en\/lea-bilicic\/\">Lea Bili\u010di\u0107<\/a><\/h2>\t\t\t\t<\/div>\n\t\t\t\t<\/div>\n\t\t\t\t\t<\/div>\n\t\t\t\t<\/div>\n\t\t\t\t<\/div>","protected":false},"excerpt":{"rendered":"<p>Laura \u0160akaja znanstvena je savjetnica. Magistrirala je na Geografskom fakultetu Moskovskoga dr\u017eavnog sveu\u010dili\u0161ta \u201eM. V. Lomonosov\u201d, a doktorirala na Prirodoslovno-matemati\u010dkom fakultetu Sveu\u010dili\u0161ta u Zagrebu s temom iz podru\u010dja dru\u0161tvene geografije. Radila je na Moskovskom i Abhaskom sveu\u010dili\u0161tu. Po preseljenju u Hrvatsku radila je kao savjetnica u Zavodu za kulturu Ministarstva kulture, a potom kao znanstvena [&hellip;]<\/p>\n","protected":false},"author":2,"featured_media":0,"parent":0,"menu_order":0,"comment_status":"closed","ping_status":"closed","template":"","meta":{"ocean_post_layout":"","ocean_both_sidebars_style":"","ocean_both_sidebars_content_width":0,"ocean_both_sidebars_sidebars_width":0,"ocean_sidebar":"","ocean_second_sidebar":"","ocean_disable_margins":"enable","ocean_add_body_class":"","ocean_shortcode_before_top_bar":"","ocean_shortcode_after_top_bar":"","ocean_shortcode_before_header":"","ocean_shortcode_after_header":"","ocean_has_shortcode":"","ocean_shortcode_after_title":"","ocean_shortcode_before_footer_widgets":"","ocean_shortcode_after_footer_widgets":"","ocean_shortcode_before_footer_bottom":"","ocean_shortcode_after_footer_bottom":"","ocean_display_top_bar":"default","ocean_display_header":"default","ocean_header_style":"","ocean_center_header_left_menu":"","ocean_custom_header_template":"","ocean_custom_logo":0,"ocean_custom_retina_logo":0,"ocean_custom_logo_max_width":0,"ocean_custom_logo_tablet_max_width":0,"ocean_custom_logo_mobile_max_width":0,"ocean_custom_logo_max_height":0,"ocean_custom_logo_tablet_max_height":0,"ocean_custom_logo_mobile_max_height":0,"ocean_header_custom_menu":"","ocean_menu_typo_font_family":"","ocean_menu_typo_font_subset":"","ocean_menu_typo_font_size":0,"ocean_menu_typo_font_size_tablet":0,"ocean_menu_typo_font_size_mobile":0,"ocean_menu_typo_font_size_unit":"px","ocean_menu_typo_font_weight":"","ocean_menu_typo_font_weight_tablet":"","ocean_menu_typo_font_weight_mobile":"","ocean_menu_typo_transform":"","ocean_menu_typo_transform_tablet":"","ocean_menu_typo_transform_mobile":"","ocean_menu_typo_line_height":0,"ocean_menu_typo_line_height_tablet":0,"ocean_menu_typo_line_height_mobile":0,"ocean_menu_typo_line_height_unit":"","ocean_menu_typo_spacing":0,"ocean_menu_typo_spacing_tablet":0,"ocean_menu_typo_spacing_mobile":0,"ocean_menu_typo_spacing_unit":"","ocean_menu_link_color":"","ocean_menu_link_color_hover":"","ocean_menu_link_color_active":"","ocean_menu_link_background":"","ocean_menu_link_hover_background":"","ocean_menu_link_active_background":"","ocean_menu_social_links_bg":"","ocean_menu_social_hover_links_bg":"","ocean_menu_social_links_color":"","ocean_menu_social_hover_links_color":"","ocean_disable_title":"default","ocean_disable_heading":"default","ocean_post_title":"","ocean_post_subheading":"","ocean_post_title_style":"","ocean_post_title_background_color":"","ocean_post_title_background":0,"ocean_post_title_bg_image_position":"","ocean_post_title_bg_image_attachment":"","ocean_post_title_bg_image_repeat":"","ocean_post_title_bg_image_size":"","ocean_post_title_height":0,"ocean_post_title_bg_overlay":0.5,"ocean_post_title_bg_overlay_color":"","ocean_disable_breadcrumbs":"default","ocean_breadcrumbs_color":"","ocean_breadcrumbs_separator_color":"","ocean_breadcrumbs_links_color":"","ocean_breadcrumbs_links_hover_color":"","ocean_display_footer_widgets":"default","ocean_display_footer_bottom":"default","ocean_custom_footer_template":"","footnotes":""},"class_list":["post-551","page","type-page","status-publish","hentry","entry"],"rttpg_featured_image_url":null,"rttpg_author":{"display_name":"Andrijana Markovi\u0107","author_link":"https:\/\/postcity.ffzg.unizg.hr\/en\/author\/amarkovic\/"},"rttpg_comment":0,"rttpg_category":null,"rttpg_excerpt":"Laura \u0160akaja znanstvena je savjetnica. Magistrirala je na Geografskom fakultetu Moskovskoga dr\u017eavnog sveu\u010dili\u0161ta \u201eM. V. Lomonosov\u201d, a doktorirala na Prirodoslovno-matemati\u010dkom fakultetu Sveu\u010dili\u0161ta u Zagrebu s temom iz podru\u010dja dru\u0161tvene geografije. Radila je na Moskovskom i Abhaskom sveu\u010dili\u0161tu. Po preseljenju u Hrvatsku radila je kao savjetnica u Zavodu za kulturu Ministarstva kulture, a potom kao znanstvena&hellip;","_links":{"self":[{"href":"https:\/\/postcity.ffzg.unizg.hr\/en\/wp-json\/wp\/v2\/pages\/551","targetHints":{"allow":["GET"]}}],"collection":[{"href":"https:\/\/postcity.ffzg.unizg.hr\/en\/wp-json\/wp\/v2\/pages"}],"about":[{"href":"https:\/\/postcity.ffzg.unizg.hr\/en\/wp-json\/wp\/v2\/types\/page"}],"author":[{"embeddable":true,"href":"https:\/\/postcity.ffzg.unizg.hr\/en\/wp-json\/wp\/v2\/users\/2"}],"replies":[{"embeddable":true,"href":"https:\/\/postcity.ffzg.unizg.hr\/en\/wp-json\/wp\/v2\/comments?post=551"}],"version-history":[{"count":22,"href":"https:\/\/postcity.ffzg.unizg.hr\/en\/wp-json\/wp\/v2\/pages\/551\/revisions"}],"predecessor-version":[{"id":3368,"href":"https:\/\/postcity.ffzg.unizg.hr\/en\/wp-json\/wp\/v2\/pages\/551\/revisions\/3368"}],"wp:attachment":[{"href":"https:\/\/postcity.ffzg.unizg.hr\/en\/wp-json\/wp\/v2\/media?parent=551"}],"curies":[{"name":"wp","href":"https:\/\/api.w.org\/{rel}","templated":true}]}}