{"id":58,"date":"2024-05-01T15:27:43","date_gmt":"2024-05-01T15:27:43","guid":{"rendered":"https:\/\/postcity.ffzg.unizg.hr\/?page_id=58"},"modified":"2024-05-18T16:52:11","modified_gmt":"2024-05-18T16:52:11","slug":"o-projektu","status":"publish","type":"page","link":"https:\/\/postcity.ffzg.unizg.hr\/en\/","title":{"rendered":"About the project"},"content":{"rendered":"<div data-elementor-type=\"wp-page\" data-elementor-id=\"58\" class=\"elementor elementor-58\">\n\t\t\t\t<div class=\"elementor-element elementor-element-5c8969c e-grid e-con-full e-con e-parent\" data-id=\"5c8969c\" data-element_type=\"container\">\n\t\t<div class=\"elementor-element elementor-element-51f5371 e-con-full e-flex e-con e-child\" data-id=\"51f5371\" data-element_type=\"container\" data-settings=\"{&quot;position&quot;:&quot;fixed&quot;}\">\n\t\t\t\t<div class=\"elementor-element elementor-element-be10226 elementor-widget-mobile__width-inherit elementor-widget__width-inherit elementor-absolute elementor-widget elementor-widget-image\" data-id=\"be10226\" data-element_type=\"widget\" data-settings=\"{&quot;_position&quot;:&quot;absolute&quot;}\" data-widget_type=\"image.default\">\n\t\t\t\t<div class=\"elementor-widget-container\">\n\t\t\t\t\t\t\t\t\t\t\t\t\t\t\t<img fetchpriority=\"high\" decoding=\"async\" width=\"1500\" height=\"670\" src=\"https:\/\/postcity.ffzg.unizg.hr\/wp-content\/uploads\/2024\/05\/Untitled-2.png\" class=\"attachment-full size-full wp-image-161\" alt=\"\" srcset=\"https:\/\/postcity.ffzg.unizg.hr\/wp-content\/uploads\/2024\/05\/Untitled-2.png 1500w, https:\/\/postcity.ffzg.unizg.hr\/wp-content\/uploads\/2024\/05\/Untitled-2-300x134.png 300w, https:\/\/postcity.ffzg.unizg.hr\/wp-content\/uploads\/2024\/05\/Untitled-2-1024x457.png 1024w, https:\/\/postcity.ffzg.unizg.hr\/wp-content\/uploads\/2024\/05\/Untitled-2-768x343.png 768w\" sizes=\"(max-width: 1500px) 100vw, 1500px\" \/>\t\t\t\t\t\t\t\t\t\t\t\t\t\t\t<\/div>\n\t\t\t\t<\/div>\n\t\t\t\t<\/div>\n\t\t\t\t<\/div>\n\t\t<div class=\"elementor-element elementor-element-ffde8ef e-flex e-con-boxed e-con e-parent\" data-id=\"ffde8ef\" data-element_type=\"container\" data-settings=\"{&quot;background_background&quot;:&quot;classic&quot;}\">\n\t\t\t\t\t<div class=\"e-con-inner\">\n\t\t\t\t<div class=\"elementor-element elementor-element-71d4b02 elementor-widget elementor-widget-heading\" data-id=\"71d4b02\" data-element_type=\"widget\" data-widget_type=\"heading.default\">\n\t\t\t\t<div class=\"elementor-widget-container\">\n\t\t\t\t\t<h2 class=\"elementor-heading-title elementor-size-default\">The Transformation of the Postindustrial City: Space, Community, and Work<\/h2>\t\t\t\t<\/div>\n\t\t\t\t<\/div>\n\t\t\t\t<div class=\"elementor-element elementor-element-3e0490d elementor-widget elementor-widget-text-editor\" data-id=\"3e0490d\" data-element_type=\"widget\" data-widget_type=\"text-editor.default\">\n\t\t\t\t<div class=\"elementor-widget-container\">\n\t\t\t\t\t\t\t\t\t<p>The PostCity project responds to burning issues that mark the everyday life in present-day Croatia. It deals with contemporary social processes triggered by deindustrialisation. It addresses the transformation of the postindustrial city in three spheres:<\/p><p>space \u2013 the neuralgic points, changes and potentials of deindustrialised sites,<\/p><p>work \u2013 the policies, practices, and experiences of former industrial workers,<\/p><p>communities \u2013 the inhabitants of former industrial areas, and the changes in their ways of life.<\/p><p class=\"translation-block\">PostCity explores the postindustrial social dynamics from the perspectives of cultural anthropology and cultural geography. It uses qualitative methods and long-term ethnographic research in order to grasp the experiences of transformation in particular deindustrialised micro-locations. It maps people\u2019s spatial practices, organised events, and practices of everyday life and analyses concrete challenges of spatial and social planning in situ from the perspective of the members of those communities.<\/p><p>Due to such an in-depth methodological approach, the project focuses on only one city \u2013 Zagreb. During socialism, Zagreb was the city with the strongest industry and the most citizens working in industry in Yugoslavia. On the other hand, since 1990, Croatia, and Zagreb with it, has gone through a difficult period of deindustrialisation marked by war, the postsocialist transition and privatisation, as well as global economic crises. The deindustrialisation of Zagreb resulted not only in the decline of industrial production, but also in the loss of a sense of well-being and drastic changes in the urban landscape. Nowadays, the postindustrial areas of Zagreb function as wastelands, drosscapes, and deindustrialised ruinscapes, but also as areas of business, activism, artistic interventions, reindustrialisation, and urban regeneration. This is why Zagreb is a potent field for the analysis of postindustrial processes.<\/p><p>PostCity seeks to establish a research model and the basis for further comparative research of deindustrialised areas in the national and international context. By generating new knowledge on postindustrial transformations, PostCity aims at stimulating academic and professional debates about the experiences of life, work and space in the deindustrialised city. By providing research-based insights, it wishes to prompt broader discussions about these public interest issues - how to repurpose industrial spaces in a way that fits with citizens\u2019 desires, and the strategies by which they can attain visions of the good life and a better urban future in the postindustrial context.<\/p>\t\t\t\t\t\t\t\t<\/div>\n\t\t\t\t<\/div>\n\t\t\t\t\t<\/div>\n\t\t\t\t<\/div>\n\t\t\t\t<\/div>","protected":false},"excerpt":{"rendered":"<p>Transformacija postindustrijskog grada: prostor, zajednica i rad Projekt PostCity odgovara na goru\u0107e probleme aktualne hrvatske svakodnevice istra\u017euju\u0107i suvremene dru\u0161tvene procese izazvane deindustrijalizacijom. Transformaciju postindustrijskog grada prati u trima sferama koje \u010dine: prostor \u2013 neuralgi\u010dne to\u010dke, mijene i potencijali deindustrijaliziranih lokaliteta, rad \u2013 politike, prakse i iskustva nekada\u0161njih industrijskih radnika, zajednice \u2013 stanovni\u0161tvo u nekada\u0161njim industrijskim [&hellip;]<\/p>\n","protected":false},"author":2,"featured_media":0,"parent":0,"menu_order":0,"comment_status":"closed","ping_status":"closed","template":"","meta":{"ocean_post_layout":"","ocean_both_sidebars_style":"","ocean_both_sidebars_content_width":0,"ocean_both_sidebars_sidebars_width":0,"ocean_sidebar":"","ocean_second_sidebar":"","ocean_disable_margins":"enable","ocean_add_body_class":"","ocean_shortcode_before_top_bar":"","ocean_shortcode_after_top_bar":"","ocean_shortcode_before_header":"","ocean_shortcode_after_header":"","ocean_has_shortcode":"","ocean_shortcode_after_title":"","ocean_shortcode_before_footer_widgets":"","ocean_shortcode_after_footer_widgets":"","ocean_shortcode_before_footer_bottom":"","ocean_shortcode_after_footer_bottom":"","ocean_display_top_bar":"default","ocean_display_header":"default","ocean_header_style":"","ocean_center_header_left_menu":"","ocean_custom_header_template":"","ocean_custom_logo":0,"ocean_custom_retina_logo":0,"ocean_custom_logo_max_width":0,"ocean_custom_logo_tablet_max_width":0,"ocean_custom_logo_mobile_max_width":0,"ocean_custom_logo_max_height":0,"ocean_custom_logo_tablet_max_height":0,"ocean_custom_logo_mobile_max_height":0,"ocean_header_custom_menu":"","ocean_menu_typo_font_family":"","ocean_menu_typo_font_subset":"","ocean_menu_typo_font_size":0,"ocean_menu_typo_font_size_tablet":0,"ocean_menu_typo_font_size_mobile":0,"ocean_menu_typo_font_size_unit":"px","ocean_menu_typo_font_weight":"","ocean_menu_typo_font_weight_tablet":"","ocean_menu_typo_font_weight_mobile":"","ocean_menu_typo_transform":"","ocean_menu_typo_transform_tablet":"","ocean_menu_typo_transform_mobile":"","ocean_menu_typo_line_height":0,"ocean_menu_typo_line_height_tablet":0,"ocean_menu_typo_line_height_mobile":0,"ocean_menu_typo_line_height_unit":"","ocean_menu_typo_spacing":0,"ocean_menu_typo_spacing_tablet":0,"ocean_menu_typo_spacing_mobile":0,"ocean_menu_typo_spacing_unit":"","ocean_menu_link_color":"","ocean_menu_link_color_hover":"","ocean_menu_link_color_active":"","ocean_menu_link_background":"","ocean_menu_link_hover_background":"","ocean_menu_link_active_background":"","ocean_menu_social_links_bg":"","ocean_menu_social_hover_links_bg":"","ocean_menu_social_links_color":"","ocean_menu_social_hover_links_color":"","ocean_disable_title":"default","ocean_disable_heading":"default","ocean_post_title":"","ocean_post_subheading":"","ocean_post_title_style":"","ocean_post_title_background_color":"","ocean_post_title_background":0,"ocean_post_title_bg_image_position":"","ocean_post_title_bg_image_attachment":"","ocean_post_title_bg_image_repeat":"","ocean_post_title_bg_image_size":"","ocean_post_title_height":0,"ocean_post_title_bg_overlay":0.5,"ocean_post_title_bg_overlay_color":"","ocean_disable_breadcrumbs":"default","ocean_breadcrumbs_color":"","ocean_breadcrumbs_separator_color":"","ocean_breadcrumbs_links_color":"","ocean_breadcrumbs_links_hover_color":"","ocean_display_footer_widgets":"default","ocean_display_footer_bottom":"default","ocean_custom_footer_template":"","footnotes":""},"class_list":["post-58","page","type-page","status-publish","hentry","entry"],"rttpg_featured_image_url":null,"rttpg_author":{"display_name":"Andrijana Markovi\u0107","author_link":"https:\/\/postcity.ffzg.unizg.hr\/en\/author\/amarkovic\/"},"rttpg_comment":0,"rttpg_category":null,"rttpg_excerpt":"Transformacija postindustrijskog grada: prostor, zajednica i rad Projekt PostCity odgovara na goru\u0107e probleme aktualne hrvatske svakodnevice istra\u017euju\u0107i suvremene dru\u0161tvene procese izazvane deindustrijalizacijom. Transformaciju postindustrijskog grada prati u trima sferama koje \u010dine: prostor \u2013 neuralgi\u010dne to\u010dke, mijene i potencijali deindustrijaliziranih lokaliteta, rad \u2013 politike, prakse i iskustva nekada\u0161njih industrijskih radnika, zajednice \u2013 stanovni\u0161tvo u nekada\u0161njim industrijskim&hellip;","_links":{"self":[{"href":"https:\/\/postcity.ffzg.unizg.hr\/en\/wp-json\/wp\/v2\/pages\/58","targetHints":{"allow":["GET"]}}],"collection":[{"href":"https:\/\/postcity.ffzg.unizg.hr\/en\/wp-json\/wp\/v2\/pages"}],"about":[{"href":"https:\/\/postcity.ffzg.unizg.hr\/en\/wp-json\/wp\/v2\/types\/page"}],"author":[{"embeddable":true,"href":"https:\/\/postcity.ffzg.unizg.hr\/en\/wp-json\/wp\/v2\/users\/2"}],"replies":[{"embeddable":true,"href":"https:\/\/postcity.ffzg.unizg.hr\/en\/wp-json\/wp\/v2\/comments?post=58"}],"version-history":[{"count":190,"href":"https:\/\/postcity.ffzg.unizg.hr\/en\/wp-json\/wp\/v2\/pages\/58\/revisions"}],"predecessor-version":[{"id":672,"href":"https:\/\/postcity.ffzg.unizg.hr\/en\/wp-json\/wp\/v2\/pages\/58\/revisions\/672"}],"wp:attachment":[{"href":"https:\/\/postcity.ffzg.unizg.hr\/en\/wp-json\/wp\/v2\/media?parent=58"}],"curies":[{"name":"wp","href":"https:\/\/api.w.org\/{rel}","templated":true}]}}